{"id":660,"date":"2022-11-30T14:28:22","date_gmt":"2022-11-30T14:28:22","guid":{"rendered":"http:\/\/artmedic.co.uk\/?page_id=660"},"modified":"2023-08-05T16:32:32","modified_gmt":"2023-08-05T16:32:32","slug":"aghaidh-vampire-glasadh-2","status":"publish","type":"page","link":"https:\/\/artmedic.co.uk\/gd\/aghaidh-vampire-glasadh-2\/","title":{"rendered":"Vampire aghaidh Glaschu"},"content":{"rendered":"<div data-elementor-type=\"wp-page\" data-elementor-id=\"660\" class=\"elementor elementor-660\" data-elementor-post-type=\"page\">\n\t\t\t\t\t\t<section class=\"elementor-section elementor-top-section elementor-element elementor-element-27a662b elementor-section-boxed elementor-section-height-default elementor-section-height-default wpr-particle-no wpr-jarallax-no wpr-parallax-no wpr-sticky-section-no wpr-equal-height-no\" data-id=\"27a662b\" data-element_type=\"section\" data-e-type=\"section\">\n\t\t\t\t\t\t<div class=\"elementor-container elementor-column-gap-default\">\n\t\t\t\t\t<div class=\"elementor-column elementor-col-100 elementor-top-column elementor-element elementor-element-3e1b23b\" data-id=\"3e1b23b\" data-element_type=\"column\" data-e-type=\"column\">\n\t\t\t<div class=\"elementor-widget-wrap elementor-element-populated\">\n\t\t\t\t\t\t<div class=\"elementor-element elementor-element-267fb1a elementor-widget elementor-widget-spacer\" data-id=\"267fb1a\" data-element_type=\"widget\" data-e-type=\"widget\" data-widget_type=\"spacer.default\">\n\t\t\t\t<div class=\"elementor-widget-container\">\n\t\t\t\t\t\t\t<div class=\"elementor-spacer\">\n\t\t\t<div class=\"elementor-spacer-inner\"><\/div>\n\t\t<\/div>\n\t\t\t\t\t\t<\/div>\n\t\t\t\t<\/div>\n\t\t\t\t\t<\/div>\n\t\t<\/div>\n\t\t\t\t\t<\/div>\n\t\t<\/section>\n\t\t\t\t<section class=\"elementor-section elementor-top-section elementor-element elementor-element-55d4c38 elementor-section-boxed elementor-section-height-default elementor-section-height-default wpr-particle-no wpr-jarallax-no wpr-parallax-no wpr-sticky-section-no wpr-equal-height-no\" data-id=\"55d4c38\" data-element_type=\"section\" data-e-type=\"section\">\n\t\t\t\t\t\t<div class=\"elementor-container elementor-column-gap-default\">\n\t\t\t\t\t<div class=\"elementor-column elementor-col-100 elementor-top-column elementor-element elementor-element-bfe8bcc\" data-id=\"bfe8bcc\" data-element_type=\"column\" data-e-type=\"column\">\n\t\t\t<div class=\"elementor-widget-wrap elementor-element-populated\">\n\t\t\t\t\t\t<div class=\"elementor-element elementor-element-ed005a0 elementor-widget elementor-widget-heading\" data-id=\"ed005a0\" data-element_type=\"widget\" data-e-type=\"widget\" data-widget_type=\"heading.default\">\n\t\t\t\t<div class=\"elementor-widget-container\">\n\t\t\t\t\t<h2 class=\"elementor-heading-title elementor-size-default\">TREASADH<\/h2>\t\t\t\t<\/div>\n\t\t\t\t<\/div>\n\t\t\t\t<div class=\"elementor-element elementor-element-d189c84 elementor-widget elementor-widget-heading\" data-id=\"d189c84\" data-element_type=\"widget\" data-e-type=\"widget\" data-widget_type=\"heading.default\">\n\t\t\t\t<div class=\"elementor-widget-container\">\n\t\t\t\t\t<h1 class=\"elementor-heading-title elementor-size-default\">Vampire aghaidh Glaschu<\/h1>\t\t\t\t<\/div>\n\t\t\t\t<\/div>\n\t\t\t\t<div class=\"elementor-element elementor-element-d7489a6 elementor-widget elementor-widget-text-editor\" data-id=\"d7489a6\" data-element_type=\"widget\" data-e-type=\"widget\" data-widget_type=\"text-editor.default\">\n\t\t\t\t<div class=\"elementor-widget-container\">\n\t\t\t\t\t\t\t\t\t<p>A bheil thu airson coimhead bliadhnaichean nas \u00f2ige gun a bhith fo lannsa cosmaigeach pianail agus cunnartach? Faigh e\u00f2las air na buannachdan iongantach a tha an cois ath-nuadhachadh aghaidh PRP thu fh\u00e8in aig Artmedic Glaschu. Tha aghaidh math airson do chraiceann. Faodaidh tu tighinn a-mach bhuapa a &#039;coimhead agus a&#039; faireachdainn ath-nuadhaichte, toilichte agus fallain. Bidh aghaidh vampire a\u2019 cothlamadh a h-uile buannachd bho aghaidh \u00e0bhaisteach fhad \u2018s a tha e cuideachd a\u2019 toirt a-steach beagan feadhainn \u00f9ra. Cuir coinneamh air d\u00f2igh airson a\u2019 chiad cho-chomhairle agad leis na h-e\u00f2laichean b\u00f2idhchead barantaichte aig Artmedic ann an Glaschu gus barrachd ionnsachadh mu na buannachdan iongantach a tha an cois ath-nuadhachadh aghaidh PRP. Tha an aghaidh vampire ris an canar uaireannan meanbh-fheum le PRP, na dh\u00f2igh-obrach cosmaigeach a tha a \u2019toirt a-steach a bhith a\u2019 toirt a-mach fuil bho do gh\u00e0irdean, a \u2019dealachadh lannan, agus gan cur air d\u2019 aghaidh. Tha grunn bhuannachdan aig a &#039;mhodh-obrachaidh seo, a&#039; gabhail a-steach craiceann a tha a &#039;nochdadh nas \u00f2ige agus a tha a&#039; s\u00ecor fh\u00e0s m\u00f2r-ch\u00f2rdte.<\/p>\t\t\t\t\t\t\t\t<\/div>\n\t\t\t\t<\/div>\n\t\t\t\t<section class=\"elementor-section elementor-inner-section elementor-element elementor-element-f5f408a elementor-section-boxed elementor-section-height-default elementor-section-height-default wpr-particle-no wpr-jarallax-no wpr-parallax-no wpr-sticky-section-no wpr-equal-height-no\" data-id=\"f5f408a\" data-element_type=\"section\" data-e-type=\"section\">\n\t\t\t\t\t\t<div class=\"elementor-container elementor-column-gap-default\">\n\t\t\t\t\t<div class=\"elementor-column elementor-col-50 elementor-inner-column elementor-element elementor-element-cf13176\" data-id=\"cf13176\" data-element_type=\"column\" data-e-type=\"column\">\n\t\t\t<div class=\"elementor-widget-wrap elementor-element-populated\">\n\t\t\t\t\t\t<div class=\"elementor-element elementor-element-692464a elementor-widget elementor-widget-heading\" data-id=\"692464a\" data-element_type=\"widget\" data-e-type=\"widget\" data-widget_type=\"heading.default\">\n\t\t\t\t<div class=\"elementor-widget-container\">\n\t\t\t\t\t<h2 class=\"elementor-heading-title elementor-size-default\">D\u00e8 d\u00ecreach a th\u2019 ann an aghaidh vampire?\n<\/h2>\t\t\t\t<\/div>\n\t\t\t\t<\/div>\n\t\t\t\t<div class=\"elementor-element elementor-element-7e2d63d elementor-widget elementor-widget-text-editor\" data-id=\"7e2d63d\" data-element_type=\"widget\" data-e-type=\"widget\" data-widget_type=\"text-editor.default\">\n\t\t\t\t<div class=\"elementor-widget-container\">\n\t\t\t\t\t\t\t\t\t<p>Tha microneedling agus plasma l\u00e0n platelet nam p\u00e0irtean de aghaidh vampire (PRP). Tha microneedling a &#039;ciallachadh a bhith a&#039; bualadh a &#039;chraicinn le sn\u00e0thadan beaga, beaga. Tha meudan nan sn\u00e0thadan sin eadar 0.5 agus 2.5 millimeters. Bidh na sn\u00e0thadan a\u2019 faireachdainn mar phr\u00ecneachan beaga agus d\u00ecreach a\u2019 dol a-steach don chraiceann. Thathas an d\u00f9il gum bi na punctures \u201ca\u2019 goirteachadh \u201da\u2019 chraiceann, ag adhbhrachadh gum bi e a \u2019c\u00e0radh fh\u00e8in le bhith a\u2019 cruthachadh elastin agus collagen agus a \u2019leigeil leis a\u2019 PRP a dhol a-steach nas doimhne.<br \/>\u00c0s deidh microneedling a bhith deiseil, th\u00e8id PRP a thoirt don chraiceann gu h-\u00e0rd. Tha PRP na chruinneachadh de phr\u00f2tain plasma l\u00e0n-phl\u00e0ta a thig bho fhuil. Tha d\u00f9mhlachd \u00e0rd de fhactaran f\u00e0is aig PRP a bhrosnaicheas sl\u00e0nachadh agus c\u00e0radh cl\u00f2, a\u2019 l\u00e0imhseachadh m\u00f2ran de shuidheachaidhean craiceann.<\/p>\t\t\t\t\t\t\t\t<\/div>\n\t\t\t\t<\/div>\n\t\t\t\t\t<\/div>\n\t\t<\/div>\n\t\t\t\t<div class=\"elementor-column elementor-col-50 elementor-inner-column elementor-element elementor-element-0f66ea5\" data-id=\"0f66ea5\" data-element_type=\"column\" data-e-type=\"column\">\n\t\t\t<div class=\"elementor-widget-wrap elementor-element-populated\">\n\t\t\t\t\t\t<div class=\"elementor-element elementor-element-18b5e20 elementor-widget elementor-widget-image\" data-id=\"18b5e20\" data-element_type=\"widget\" data-e-type=\"widget\" data-widget_type=\"image.default\">\n\t\t\t\t<div class=\"elementor-widget-container\">\n\t\t\t\t\t\t\t\t\t\t\t\t\t\t\t<img fetchpriority=\"high\" decoding=\"async\" width=\"800\" height=\"800\" src=\"https:\/\/artmedic.co.uk\/wp-content\/uploads\/2022\/11\/Beige-Minimalist-Before-and-After-Makeup-Transformation-Instagram-Post-1-1024x1024.png\" class=\"attachment-large size-large wp-image-633\" alt=\"\" srcset=\"https:\/\/artmedic.co.uk\/wp-content\/uploads\/2022\/11\/Beige-Minimalist-Before-and-After-Makeup-Transformation-Instagram-Post-1-1024x1024.png 1024w, https:\/\/artmedic.co.uk\/wp-content\/uploads\/2022\/11\/Beige-Minimalist-Before-and-After-Makeup-Transformation-Instagram-Post-1-300x300.png 300w, https:\/\/artmedic.co.uk\/wp-content\/uploads\/2022\/11\/Beige-Minimalist-Before-and-After-Makeup-Transformation-Instagram-Post-1-150x150.png 150w, https:\/\/artmedic.co.uk\/wp-content\/uploads\/2022\/11\/Beige-Minimalist-Before-and-After-Makeup-Transformation-Instagram-Post-1-768x768.png 768w, https:\/\/artmedic.co.uk\/wp-content\/uploads\/2022\/11\/Beige-Minimalist-Before-and-After-Makeup-Transformation-Instagram-Post-1.png 1080w\" sizes=\"(max-width: 800px) 100vw, 800px\" title=\"\">\t\t\t\t\t\t\t\t\t\t\t\t\t\t\t<\/div>\n\t\t\t\t<\/div>\n\t\t\t\t\t<\/div>\n\t\t<\/div>\n\t\t\t\t\t<\/div>\n\t\t<\/section>\n\t\t\t\t<section class=\"elementor-section elementor-inner-section elementor-element elementor-element-631eb1f elementor-section-boxed elementor-section-height-default elementor-section-height-default wpr-particle-no wpr-jarallax-no wpr-parallax-no wpr-sticky-section-no wpr-equal-height-no\" data-id=\"631eb1f\" data-element_type=\"section\" data-e-type=\"section\">\n\t\t\t\t\t\t<div class=\"elementor-container elementor-column-gap-default\">\n\t\t\t\t\t<div class=\"elementor-column elementor-col-50 elementor-inner-column elementor-element elementor-element-bb9c3bc\" data-id=\"bb9c3bc\" data-element_type=\"column\" data-e-type=\"column\">\n\t\t\t<div class=\"elementor-widget-wrap elementor-element-populated\">\n\t\t\t\t\t\t<div class=\"elementor-element elementor-element-2826986 elementor-widget elementor-widget-image\" data-id=\"2826986\" data-element_type=\"widget\" data-e-type=\"widget\" data-widget_type=\"image.default\">\n\t\t\t\t<div class=\"elementor-widget-container\">\n\t\t\t\t\t\t\t\t\t\t\t\t\t\t\t<img decoding=\"async\" width=\"800\" height=\"800\" src=\"https:\/\/artmedic.co.uk\/wp-content\/uploads\/2022\/11\/Beige-Minimalist-Before-and-After-Makeup-Transformation-Instagram-Post-3-1024x1024.png\" class=\"attachment-large size-large wp-image-669\" alt=\"\" srcset=\"https:\/\/artmedic.co.uk\/wp-content\/uploads\/2022\/11\/Beige-Minimalist-Before-and-After-Makeup-Transformation-Instagram-Post-3-1024x1024.png 1024w, https:\/\/artmedic.co.uk\/wp-content\/uploads\/2022\/11\/Beige-Minimalist-Before-and-After-Makeup-Transformation-Instagram-Post-3-300x300.png 300w, https:\/\/artmedic.co.uk\/wp-content\/uploads\/2022\/11\/Beige-Minimalist-Before-and-After-Makeup-Transformation-Instagram-Post-3-150x150.png 150w, https:\/\/artmedic.co.uk\/wp-content\/uploads\/2022\/11\/Beige-Minimalist-Before-and-After-Makeup-Transformation-Instagram-Post-3-768x768.png 768w, https:\/\/artmedic.co.uk\/wp-content\/uploads\/2022\/11\/Beige-Minimalist-Before-and-After-Makeup-Transformation-Instagram-Post-3.png 1080w\" sizes=\"(max-width: 800px) 100vw, 800px\" title=\"\">\t\t\t\t\t\t\t\t\t\t\t\t\t\t\t<\/div>\n\t\t\t\t<\/div>\n\t\t\t\t\t<\/div>\n\t\t<\/div>\n\t\t\t\t<div class=\"elementor-column elementor-col-50 elementor-inner-column elementor-element elementor-element-c26b883\" data-id=\"c26b883\" data-element_type=\"column\" data-e-type=\"column\">\n\t\t\t<div class=\"elementor-widget-wrap elementor-element-populated\">\n\t\t\t\t\t\t<div class=\"elementor-element elementor-element-3f56aa6 elementor-widget elementor-widget-heading\" data-id=\"3f56aa6\" data-element_type=\"widget\" data-e-type=\"widget\" data-widget_type=\"heading.default\">\n\t\t\t\t<div class=\"elementor-widget-container\">\n\t\t\t\t\t<h2 class=\"elementor-heading-title elementor-size-default\">D\u00e8 an d\u00f2igh-obrach a th\u2019 ann?<\/h2>\t\t\t\t<\/div>\n\t\t\t\t<\/div>\n\t\t\t\t<div class=\"elementor-element elementor-element-287b420 elementor-widget elementor-widget-text-editor\" data-id=\"287b420\" data-element_type=\"widget\" data-e-type=\"widget\" data-widget_type=\"text-editor.default\">\n\t\t\t\t<div class=\"elementor-widget-container\">\n\t\t\t\t\t\t\t\t\t<p>Is e a\u2019 chiad cheum a\u2019 chiad tharraing fala a tha an \u00ecre mhath gun phian. Tha am plasma agus truinnsearan an uairsin air an sgaradh bho na ceallan fala dearga le bhith a\u2019 cleachdadh centrifuge air do fhuil.<\/p><p>Mus t\u00f2isich thu air a \u2019ph\u00e0irt microneedling den mhodh-obrach, th\u00e8id uachdar anesthetic gn\u00e0thach a thoirt don aghaidh gus faochadh a thoirt do mh\u00ec-chofhurtachd sam bith.<\/p><p>Tha am PRP air a chuir air a\u2019 chraiceann aon uair \u2018s gu bheil an lotion numbing air a thighinn gu buil agus am microneedling air a dh\u00e8anamh. Airson na builean as fhe\u00e0rr, bu ch\u00f2ir don PRP fuireach air a\u2019 chraiceann airson a\u2019 ch\u00f2rr den latha. Bidh craiceann tioram, dearg, mothachail air euslaintich anns a\u2019 chiad beagan l\u00e0ithean \u00e0s deidh l\u00e0imhseachadh, coltach ri losgadh gr\u00e8ine tl\u00e0th.<\/p>\t\t\t\t\t\t\t\t<\/div>\n\t\t\t\t<\/div>\n\t\t\t\t\t<\/div>\n\t\t<\/div>\n\t\t\t\t\t<\/div>\n\t\t<\/section>\n\t\t\t\t\t<\/div>\n\t\t<\/div>\n\t\t\t\t\t<\/div>\n\t\t<\/section>\n\t\t<div class=\"elementor-element elementor-element-7ae23c7 e-flex e-con-boxed wpr-particle-no wpr-jarallax-no wpr-parallax-no wpr-sticky-section-no wpr-equal-height-no e-con e-parent\" data-id=\"7ae23c7\" data-element_type=\"container\" data-e-type=\"container\">\n\t\t\t\t\t<div class=\"e-con-inner\">\n\t\t\t\t<div class=\"elementor-element elementor-element-5710374 elementor-widget elementor-widget-spacer\" data-id=\"5710374\" data-element_type=\"widget\" data-e-type=\"widget\" data-widget_type=\"spacer.default\">\n\t\t\t\t<div class=\"elementor-widget-container\">\n\t\t\t\t\t\t\t<div class=\"elementor-spacer\">\n\t\t\t<div class=\"elementor-spacer-inner\"><\/div>\n\t\t<\/div>\n\t\t\t\t\t\t<\/div>\n\t\t\t\t<\/div>\n\t\t\t\t\t<\/div>\n\t\t\t\t<\/div>\n\t\t\t\t<section class=\"elementor-section elementor-top-section elementor-element elementor-element-691f39b elementor-section-full_width elementor-section-height-default elementor-section-height-default wpr-particle-no wpr-jarallax-no wpr-parallax-no wpr-sticky-section-no wpr-equal-height-no\" data-id=\"691f39b\" data-element_type=\"section\" data-e-type=\"section\">\n\t\t\t\t\t\t<div class=\"elementor-container elementor-column-gap-no\">\n\t\t\t\t\t<div class=\"elementor-column elementor-col-100 elementor-top-column elementor-element elementor-element-9a7348b\" data-id=\"9a7348b\" data-element_type=\"column\" data-e-type=\"column\">\n\t\t\t<div class=\"elementor-widget-wrap elementor-element-populated\">\n\t\t\t\t\t\t<div class=\"elementor-element elementor-element-e4b2822 elementor-widget elementor-widget-google_maps\" data-id=\"e4b2822\" data-element_type=\"widget\" data-e-type=\"widget\" data-widget_type=\"google_maps.default\">\n\t\t\t\t<div class=\"elementor-widget-container\">\n\t\t\t\t\t\t\t<div class=\"elementor-custom-embed\">\n\t\t\t<iframe loading=\"lazy\"\n\t\t\t\t\tsrc=\"https:\/\/maps.google.com\/maps?q=49%20Bernard%20Terrace%2C%20Glasgow%2C%20G40%203%20BQ&#038;t=m&#038;z=15&#038;output=embed&#038;iwloc=near\"\n\t\t\t\t\ttitle=\"49 Barraid Bernard, Glaschu, G40 3 BQ\"\n\t\t\t\t\taria-label=\"49 Barraid Bernard, Glaschu, G40 3 BQ\"\n\t\t\t><\/iframe>\n\t\t<\/div>\n\t\t\t\t\t\t<\/div>\n\t\t\t\t<\/div>\n\t\t\t\t\t<\/div>\n\t\t<\/div>\n\t\t\t\t\t<\/div>\n\t\t<\/section>\n\t\t\t\t<\/div>","protected":false},"excerpt":{"rendered":"<p>TREATMENT Vampire facial Glasgow Want to look years younger without undergoing painful and risky cosmetic surgery? Experience the unbelievable benefits of PRP Facial rejuvenation yourself at Artmedic Glasgow. A facial is great for your skin. You may emerge from them looking and feeling renewed, joyful, and healthy. A vampire facial combines all the advantages of a regular facial while also introducing a few new ones. Make an appointment for your initial consultation with the qualified beauty specialists at Artmedic in Glasgow to learn more about the amazing advantages of a PRP face rejuvenation. The vampire facial sometimes referred to as micro-needling with PRP, is a cosmetic procedure that includes extracting blood from your arm, isolating platelets, and putting them on your face. This procedure has various advantages, including skin that appears younger and is rising in popularity. What exactly is a vampire facial? Microneedling and platelet-rich plasma are components of a vampire facial (PRP). Microneedling involves puncturing the skin with small, tiny needles. The sizes of these needles range from 0.5 to 2.5 millimetres. The needles feel like small pinpricks and merely penetrate the skin. The punctures are intended to \u201cinjure\u201d the skin, causing it to mend itself by creating elastin and collagen and allowing the PRP to enter deeper.After microneedling is complete, PRP is given topically to the skin. PRP is a blood-derived concentration of platelet-rich plasma protein. PRP has a high concentration of growth factors that promote tissue healing and repair, treating many skin conditions. What is the procedure? The first step is the comparatively painless first blood draw. The plasma and platelets are then separated from the red blood cells using a centrifuge on your blood. Before beginning the microneedling component of the procedure, a topical anaesthetic cream is administered to the face to alleviate any discomfort. The PRP is put on the skin once the numbing lotion has taken effect and the microneedling has been done. For optimal outcomes, the PRP should remain on the skin for the remainder of the day. Patients will have dry, red, sensitive skin in the first few days following treatment, similar to a mild sunburn.<\/p>","protected":false},"author":1,"featured_media":0,"parent":0,"menu_order":0,"comment_status":"closed","ping_status":"closed","template":"","meta":{"footnotes":""},"class_list":["post-660","page","type-page","status-publish","hentry"],"_links":{"self":[{"href":"https:\/\/artmedic.co.uk\/gd\/wp-json\/wp\/v2\/pages\/660","targetHints":{"allow":["GET"]}}],"collection":[{"href":"https:\/\/artmedic.co.uk\/gd\/wp-json\/wp\/v2\/pages"}],"about":[{"href":"https:\/\/artmedic.co.uk\/gd\/wp-json\/wp\/v2\/types\/page"}],"author":[{"embeddable":true,"href":"https:\/\/artmedic.co.uk\/gd\/wp-json\/wp\/v2\/users\/1"}],"replies":[{"embeddable":true,"href":"https:\/\/artmedic.co.uk\/gd\/wp-json\/wp\/v2\/comments?post=660"}],"version-history":[{"count":0,"href":"https:\/\/artmedic.co.uk\/gd\/wp-json\/wp\/v2\/pages\/660\/revisions"}],"wp:attachment":[{"href":"https:\/\/artmedic.co.uk\/gd\/wp-json\/wp\/v2\/media?parent=660"}],"curies":[{"name":"wp","href":"https:\/\/api.w.org\/{rel}","templated":true}]}}